{"id":15,"date":"2024-01-16T09:21:07","date_gmt":"2024-01-16T09:21:07","guid":{"rendered":"https:\/\/sumupdemo.kockakor.com\/?post_type=product&#038;p=15"},"modified":"2024-01-16T09:21:08","modified_gmt":"2024-01-16T09:21:08","slug":"sumup-demo","status":"publish","type":"product","link":"https:\/\/sumupdemo.kockakor.com\/?product=sumup-demo","title":{"rendered":"Sumup Demo"},"content":{"rendered":"<p>Sumup Demo<\/p>\n","protected":false},"excerpt":{"rendered":"<p>Sumup Demo<\/p>\n","protected":false},"featured_media":0,"comment_status":"open","ping_status":"closed","template":"","meta":[],"product_cat":[15],"product_tag":[],"class_list":{"0":"post-15","1":"product","2":"type-product","3":"status-publish","5":"product_cat-egyeb","7":"first","8":"instock","9":"shipping-taxable","10":"purchasable","11":"product-type-simple"},"yoast_head":"<!-- This site is optimized with the Yoast SEO plugin v21.8 - https:\/\/yoast.com\/wordpress\/plugins\/seo\/ -->\n<title>Sumup Demo - Sumup Demo<\/title>\n<meta name=\"robots\" content=\"index, follow, max-snippet:-1, max-image-preview:large, max-video-preview:-1\" \/>\n<link rel=\"canonical\" href=\"https:\/\/sumupdemo.kockakor.com\/?product=sumup-demo\" \/>\n<meta property=\"og:locale\" content=\"hu_HU\" \/>\n<meta property=\"og:type\" content=\"article\" \/>\n<meta property=\"og:title\" content=\"Sumup Demo - Sumup Demo\" \/>\n<meta property=\"og:description\" content=\"Sumup Demo\" \/>\n<meta property=\"og:url\" content=\"https:\/\/sumupdemo.kockakor.com\/?product=sumup-demo\" \/>\n<meta property=\"og:site_name\" content=\"Sumup Demo\" \/>\n<meta property=\"article:modified_time\" content=\"2024-01-16T09:21:08+00:00\" \/>\n<meta name=\"twitter:card\" content=\"summary_large_image\" \/>\n<meta name=\"twitter:label1\" content=\"Becs\u00fclt olvas\u00e1si id\u0151\" \/>\n\t<meta name=\"twitter:data1\" content=\"1 perc\" \/>\n<script type=\"application\/ld+json\" class=\"yoast-schema-graph\">{\"@context\":\"https:\/\/schema.org\",\"@graph\":[{\"@type\":\"WebPage\",\"@id\":\"https:\/\/sumupdemo.kockakor.com\/?product=sumup-demo\",\"url\":\"https:\/\/sumupdemo.kockakor.com\/?product=sumup-demo\",\"name\":\"Sumup Demo - Sumup Demo\",\"isPartOf\":{\"@id\":\"https:\/\/sumupdemo.kockakor.com\/#website\"},\"datePublished\":\"2024-01-16T09:21:07+00:00\",\"dateModified\":\"2024-01-16T09:21:08+00:00\",\"breadcrumb\":{\"@id\":\"https:\/\/sumupdemo.kockakor.com\/?product=sumup-demo#breadcrumb\"},\"inLanguage\":\"hu\",\"potentialAction\":[{\"@type\":\"ReadAction\",\"target\":[\"https:\/\/sumupdemo.kockakor.com\/?product=sumup-demo\"]}]},{\"@type\":\"BreadcrumbList\",\"@id\":\"https:\/\/sumupdemo.kockakor.com\/?product=sumup-demo#breadcrumb\",\"itemListElement\":[{\"@type\":\"ListItem\",\"position\":1,\"name\":\"Kezd\u0151lap\",\"item\":\"https:\/\/sumupdemo.kockakor.com\/\"},{\"@type\":\"ListItem\",\"position\":2,\"name\":\"\u00dczlet\",\"item\":\"https:\/\/sumupdemo.kockakor.com\/?page_id=7\"},{\"@type\":\"ListItem\",\"position\":3,\"name\":\"Sumup Demo\"}]},{\"@type\":\"WebSite\",\"@id\":\"https:\/\/sumupdemo.kockakor.com\/#website\",\"url\":\"https:\/\/sumupdemo.kockakor.com\/\",\"name\":\"Sumup Demo\",\"description\":\"\",\"potentialAction\":[{\"@type\":\"SearchAction\",\"target\":{\"@type\":\"EntryPoint\",\"urlTemplate\":\"https:\/\/sumupdemo.kockakor.com\/?s={search_term_string}\"},\"query-input\":\"required name=search_term_string\"}],\"inLanguage\":\"hu\"}]}<\/script>\n<!-- \/ Yoast SEO plugin. -->","yoast_head_json":{"title":"Sumup Demo - Sumup Demo","robots":{"index":"index","follow":"follow","max-snippet":"max-snippet:-1","max-image-preview":"max-image-preview:large","max-video-preview":"max-video-preview:-1"},"canonical":"https:\/\/sumupdemo.kockakor.com\/?product=sumup-demo","og_locale":"hu_HU","og_type":"article","og_title":"Sumup Demo - Sumup Demo","og_description":"Sumup Demo","og_url":"https:\/\/sumupdemo.kockakor.com\/?product=sumup-demo","og_site_name":"Sumup Demo","article_modified_time":"2024-01-16T09:21:08+00:00","twitter_card":"summary_large_image","twitter_misc":{"Becs\u00fclt olvas\u00e1si id\u0151":"1 perc"},"schema":{"@context":"https:\/\/schema.org","@graph":[{"@type":"WebPage","@id":"https:\/\/sumupdemo.kockakor.com\/?product=sumup-demo","url":"https:\/\/sumupdemo.kockakor.com\/?product=sumup-demo","name":"Sumup Demo - Sumup Demo","isPartOf":{"@id":"https:\/\/sumupdemo.kockakor.com\/#website"},"datePublished":"2024-01-16T09:21:07+00:00","dateModified":"2024-01-16T09:21:08+00:00","breadcrumb":{"@id":"https:\/\/sumupdemo.kockakor.com\/?product=sumup-demo#breadcrumb"},"inLanguage":"hu","potentialAction":[{"@type":"ReadAction","target":["https:\/\/sumupdemo.kockakor.com\/?product=sumup-demo"]}]},{"@type":"BreadcrumbList","@id":"https:\/\/sumupdemo.kockakor.com\/?product=sumup-demo#breadcrumb","itemListElement":[{"@type":"ListItem","position":1,"name":"Kezd\u0151lap","item":"https:\/\/sumupdemo.kockakor.com\/"},{"@type":"ListItem","position":2,"name":"\u00dczlet","item":"https:\/\/sumupdemo.kockakor.com\/?page_id=7"},{"@type":"ListItem","position":3,"name":"Sumup Demo"}]},{"@type":"WebSite","@id":"https:\/\/sumupdemo.kockakor.com\/#website","url":"https:\/\/sumupdemo.kockakor.com\/","name":"Sumup Demo","description":"","potentialAction":[{"@type":"SearchAction","target":{"@type":"EntryPoint","urlTemplate":"https:\/\/sumupdemo.kockakor.com\/?s={search_term_string}"},"query-input":"required name=search_term_string"}],"inLanguage":"hu"}]}},"_links":{"self":[{"href":"https:\/\/sumupdemo.kockakor.com\/index.php?rest_route=\/wp\/v2\/product\/15","targetHints":{"allow":["GET"]}}],"collection":[{"href":"https:\/\/sumupdemo.kockakor.com\/index.php?rest_route=\/wp\/v2\/product"}],"about":[{"href":"https:\/\/sumupdemo.kockakor.com\/index.php?rest_route=\/wp\/v2\/types\/product"}],"replies":[{"embeddable":true,"href":"https:\/\/sumupdemo.kockakor.com\/index.php?rest_route=%2Fwp%2Fv2%2Fcomments&post=15"}],"wp:attachment":[{"href":"https:\/\/sumupdemo.kockakor.com\/index.php?rest_route=%2Fwp%2Fv2%2Fmedia&parent=15"}],"wp:term":[{"taxonomy":"product_cat","embeddable":true,"href":"https:\/\/sumupdemo.kockakor.com\/index.php?rest_route=%2Fwp%2Fv2%2Fproduct_cat&post=15"},{"taxonomy":"product_tag","embeddable":true,"href":"https:\/\/sumupdemo.kockakor.com\/index.php?rest_route=%2Fwp%2Fv2%2Fproduct_tag&post=15"}],"curies":[{"name":"wp","href":"https:\/\/api.w.org\/{rel}","templated":true}]}}